{"id":596,"date":"2016-06-29T15:53:06","date_gmt":"2016-06-29T13:53:06","guid":{"rendered":"http:\/\/www.gefdg.be\/espace-securise\/"},"modified":"2017-04-12T12:25:09","modified_gmt":"2017-04-12T10:25:09","slug":"gesicherter-bereich","status":"publish","type":"page","link":"https:\/\/www.gefdg.be\/de\/gesicherter-bereich\/","title":{"rendered":"Gesicherter Bereich"},"content":{"rendered":"","protected":false},"excerpt":{"rendered":"","protected":false},"author":1,"featured_media":0,"parent":0,"menu_order":0,"comment_status":"closed","ping_status":"closed","template":"template-secure.php","meta":{"_acf_changed":false,"footnotes":""},"class_list":["post-596","page","type-page","status-publish","hentry"],"acf":[],"yoast_head":"<!-- This site is optimized with the Yoast SEO plugin v27.4 - https:\/\/yoast.com\/product\/yoast-seo-wordpress\/ -->\n<title>Gesicherter Bereich - GEF-DG.be<\/title>\n<meta name=\"robots\" content=\"index, follow, max-snippet:-1, max-image-preview:large, max-video-preview:-1\" \/>\n<link rel=\"canonical\" href=\"https:\/\/www.gefdg.be\/de\/gesicherter-bereich\/\" \/>\n<meta property=\"og:locale\" content=\"de_DE\" \/>\n<meta property=\"og:type\" content=\"article\" \/>\n<meta property=\"og:title\" content=\"Gesicherter Bereich - GEF-DG.be\" \/>\n<meta property=\"og:url\" content=\"https:\/\/www.gefdg.be\/de\/gesicherter-bereich\/\" \/>\n<meta property=\"og:site_name\" content=\"GEF-DG.be\" \/>\n<meta property=\"article:modified_time\" content=\"2017-04-12T10:25:09+00:00\" \/>\n<meta name=\"twitter:card\" content=\"summary_large_image\" \/>\n<script type=\"application\/ld+json\" class=\"yoast-schema-graph\">{\"@context\":\"https:\\\/\\\/schema.org\",\"@graph\":[{\"@type\":\"WebPage\",\"@id\":\"https:\\\/\\\/www.gefdg.be\\\/de\\\/gesicherter-bereich\\\/\",\"url\":\"https:\\\/\\\/www.gefdg.be\\\/de\\\/gesicherter-bereich\\\/\",\"name\":\"Gesicherter Bereich - GEF-DG.be\",\"isPartOf\":{\"@id\":\"https:\\\/\\\/www.gefdg.be\\\/#website\"},\"datePublished\":\"2016-06-29T13:53:06+00:00\",\"dateModified\":\"2017-04-12T10:25:09+00:00\",\"breadcrumb\":{\"@id\":\"https:\\\/\\\/www.gefdg.be\\\/de\\\/gesicherter-bereich\\\/#breadcrumb\"},\"inLanguage\":\"de\",\"potentialAction\":[{\"@type\":\"ReadAction\",\"target\":[\"https:\\\/\\\/www.gefdg.be\\\/de\\\/gesicherter-bereich\\\/\"]}]},{\"@type\":\"BreadcrumbList\",\"@id\":\"https:\\\/\\\/www.gefdg.be\\\/de\\\/gesicherter-bereich\\\/#breadcrumb\",\"itemListElement\":[{\"@type\":\"ListItem\",\"position\":1,\"name\":\"Accueil\",\"item\":\"https:\\\/\\\/www.gefdg.be\\\/de\\\/\"},{\"@type\":\"ListItem\",\"position\":2,\"name\":\"Gesicherter Bereich\"}]},{\"@type\":\"WebSite\",\"@id\":\"https:\\\/\\\/www.gefdg.be\\\/#website\",\"url\":\"https:\\\/\\\/www.gefdg.be\\\/\",\"name\":\"GEF-DG\",\"description\":\"Postes de garde de m\u00e9decines g\u00e9n\u00e9rales\",\"publisher\":{\"@id\":\"https:\\\/\\\/www.gefdg.be\\\/#organization\"},\"potentialAction\":[{\"@type\":\"SearchAction\",\"target\":{\"@type\":\"EntryPoint\",\"urlTemplate\":\"https:\\\/\\\/www.gefdg.be\\\/?s={search_term_string}\"},\"query-input\":{\"@type\":\"PropertyValueSpecification\",\"valueRequired\":true,\"valueName\":\"search_term_string\"}}],\"inLanguage\":\"de\"},{\"@type\":\"Organization\",\"@id\":\"https:\\\/\\\/www.gefdg.be\\\/#organization\",\"name\":\"GEFDG\",\"url\":\"https:\\\/\\\/www.gefdg.be\\\/\",\"logo\":{\"@type\":\"ImageObject\",\"inLanguage\":\"de\",\"@id\":\"https:\\\/\\\/www.gefdg.be\\\/#\\\/schema\\\/logo\\\/image\\\/\",\"url\":\"https:\\\/\\\/www.gefdg.be\\\/wp-content\\\/uploads\\\/2020\\\/09\\\/logoGEF_DG-01.png\",\"contentUrl\":\"https:\\\/\\\/www.gefdg.be\\\/wp-content\\\/uploads\\\/2020\\\/09\\\/logoGEF_DG-01.png\",\"width\":2452,\"height\":937,\"caption\":\"GEFDG\"},\"image\":{\"@id\":\"https:\\\/\\\/www.gefdg.be\\\/#\\\/schema\\\/logo\\\/image\\\/\"}}]}<\/script>\n<!-- \/ Yoast SEO plugin. -->","yoast_head_json":{"title":"Gesicherter Bereich - GEF-DG.be","robots":{"index":"index","follow":"follow","max-snippet":"max-snippet:-1","max-image-preview":"max-image-preview:large","max-video-preview":"max-video-preview:-1"},"canonical":"https:\/\/www.gefdg.be\/de\/gesicherter-bereich\/","og_locale":"de_DE","og_type":"article","og_title":"Gesicherter Bereich - GEF-DG.be","og_url":"https:\/\/www.gefdg.be\/de\/gesicherter-bereich\/","og_site_name":"GEF-DG.be","article_modified_time":"2017-04-12T10:25:09+00:00","twitter_card":"summary_large_image","schema":{"@context":"https:\/\/schema.org","@graph":[{"@type":"WebPage","@id":"https:\/\/www.gefdg.be\/de\/gesicherter-bereich\/","url":"https:\/\/www.gefdg.be\/de\/gesicherter-bereich\/","name":"Gesicherter Bereich - GEF-DG.be","isPartOf":{"@id":"https:\/\/www.gefdg.be\/#website"},"datePublished":"2016-06-29T13:53:06+00:00","dateModified":"2017-04-12T10:25:09+00:00","breadcrumb":{"@id":"https:\/\/www.gefdg.be\/de\/gesicherter-bereich\/#breadcrumb"},"inLanguage":"de","potentialAction":[{"@type":"ReadAction","target":["https:\/\/www.gefdg.be\/de\/gesicherter-bereich\/"]}]},{"@type":"BreadcrumbList","@id":"https:\/\/www.gefdg.be\/de\/gesicherter-bereich\/#breadcrumb","itemListElement":[{"@type":"ListItem","position":1,"name":"Accueil","item":"https:\/\/www.gefdg.be\/de\/"},{"@type":"ListItem","position":2,"name":"Gesicherter Bereich"}]},{"@type":"WebSite","@id":"https:\/\/www.gefdg.be\/#website","url":"https:\/\/www.gefdg.be\/","name":"GEF-DG","description":"Postes de garde de m\u00e9decines g\u00e9n\u00e9rales","publisher":{"@id":"https:\/\/www.gefdg.be\/#organization"},"potentialAction":[{"@type":"SearchAction","target":{"@type":"EntryPoint","urlTemplate":"https:\/\/www.gefdg.be\/?s={search_term_string}"},"query-input":{"@type":"PropertyValueSpecification","valueRequired":true,"valueName":"search_term_string"}}],"inLanguage":"de"},{"@type":"Organization","@id":"https:\/\/www.gefdg.be\/#organization","name":"GEFDG","url":"https:\/\/www.gefdg.be\/","logo":{"@type":"ImageObject","inLanguage":"de","@id":"https:\/\/www.gefdg.be\/#\/schema\/logo\/image\/","url":"https:\/\/www.gefdg.be\/wp-content\/uploads\/2020\/09\/logoGEF_DG-01.png","contentUrl":"https:\/\/www.gefdg.be\/wp-content\/uploads\/2020\/09\/logoGEF_DG-01.png","width":2452,"height":937,"caption":"GEFDG"},"image":{"@id":"https:\/\/www.gefdg.be\/#\/schema\/logo\/image\/"}}]}},"_links":{"self":[{"href":"https:\/\/www.gefdg.be\/de\/wp-json\/wp\/v2\/pages\/596\/"}],"collection":[{"href":"https:\/\/www.gefdg.be\/de\/wp-json\/wp\/v2\/pages\/"}],"about":[{"href":"https:\/\/www.gefdg.be\/de\/wp-json\/wp\/v2\/types\/page\/"}],"author":[{"embeddable":true,"href":"https:\/\/www.gefdg.be\/de\/wp-json\/wp\/v2\/users\/1\/"}],"replies":[{"embeddable":true,"href":"https:\/\/www.gefdg.be\/de\/wp-json\/wp\/v2\/comments\/?post=596"}],"version-history":[{"count":1,"href":"https:\/\/www.gefdg.be\/de\/wp-json\/wp\/v2\/pages\/596\/revisions\/"}],"predecessor-version":[{"id":602,"href":"https:\/\/www.gefdg.be\/de\/wp-json\/wp\/v2\/pages\/596\/revisions\/602\/"}],"wp:attachment":[{"href":"https:\/\/www.gefdg.be\/de\/wp-json\/wp\/v2\/media\/?parent=596"}],"curies":[{"name":"wp","href":"https:\/\/api.w.org\/{rel}","templated":true}]}}